{"id":447,"date":"2023-06-01T21:58:00","date_gmt":"2023-06-01T21:58:00","guid":{"rendered":"https:\/\/entrefloresyregalos.shop\/?post_type=product&#038;p=447"},"modified":"2023-06-01T21:58:00","modified_gmt":"2023-06-01T21:58:00","slug":"sol-girasol","status":"publish","type":"product","link":"https:\/\/entrefloresyregalos.shop\/?product=sol-girasol","title":{"rendered":"Sol girasol"},"content":{"rendered":"<p>Todos nuestros regalos incluyen tarjeta personalizada \u00a0Pedidos superiores a $25 incluyen envio desde Quitumbe hasta la Rio coca.<\/p>\n<p>Los regalos m\u00e1s hermosos y novedosos de Quito solo en Entre Flores y Regalos.<\/p>\n<p><strong>E N T R E G A M O S\u00a0 \u00a0A\u00a0 \u00a0D O M I C I L I O :<\/strong><\/p>\n<p>Elaboramos arreglos florales, frutillas con chocolate, arreglos con dulces, detalles para graduacion, detalles para navidad, ofrendas f\u00fanebres, regalos para cumplea\u00f1os, aniversario, pedidas de mano, bienvenidas de bebe, bouquet de flores, bouquet de globos, regalos con licores, regalos en tendencia, peluches Gigantes y en todo tama\u00f1o.<\/p>\n<p>Tambi\u00e9n tenemos una gran variedad de flores entre ellas girasoles, orquideas, herberas, crisantemos<\/p>\n<p>entre otras que hacen que tu arreglo sea \u00fanico.<\/p>\n<p>Nuestras entregas son 100% seguras los comentarios de nuestro clientes lo aseguran.<\/p>\n<p>Todo lo que buscas para sorprender a esa persona especial\u00a0\ud83d\udc8f\u2665\ufe0f\u00a0o para tu mejor amig@\ud83d\udc6b.<\/p>\n<p>#Regalos #Peluches #aDomicilio #Regalosoriginales<\/p>\n<p>#regalosadomicilio<br \/>\n#Peluches #Peluchesgigantes<br \/>\n#Regaloscerveza<\/p>\n<p>#rosas<\/p>\n<p>#girasoles<\/p>\n<p>#bouquetdeglobos<br \/>\n#Regalosparahombre<br \/>\n#Regalosparamujer #Ofrendasfunebres #pedidad de mano<\/p>\n<p>NOTA IMPORTANTE<\/p>\n<p>Productos colores, dise\u00f1os pueden variar en funci\u00f3n\u00a0al stock.<br \/>\nEl servicio de entrega a domicilio tiene un valor adicional si son entregas fuera del rango gratuito, dependiendo del sector de la entrega.<br \/>\nRealizamos entregas el mismo d\u00eda se realizan de dos a tres horas despu\u00e9s de la confirmaci\u00f3n del pago.<\/p>\n<p>En caso de que la persona que recibe el presente no se encuentre o est\u00e9 ocupada se entregar\u00e1 el producto a un familiar o compa\u00f1ero de trabajo.<\/p>\n<p>Todas nuestras entregas se confirman mediante una foto de la entrega.<\/p>\n<p><strong>FORMAS DE PAGO<\/strong><\/p>\n<p>Tarjeta de CR\u00c9DITO de cualquier parte del mundo, aplica recargos<\/p>\n<p>Transferencia o dep\u00f3sito bancario<\/p>\n<p><strong>CONTACTO:\u00a0 098 406 6105<\/strong><\/p>\n","protected":false},"excerpt":{"rendered":"<p>Todos nuestros regalos incluyen tarjeta personalizada \u00a0Pedidos superiores a $25 incluyen envio desde Quitumbe hasta la Rio coca. Los regalos m\u00e1s hermosos y novedosos de Quito solo en Entre Flores y Regalos. E N T R E G A M O S\u00a0 \u00a0A\u00a0 \u00a0D O M I C I L I O : Elaboramos arreglos [&hellip;]<\/p>\n","protected":false},"featured_media":448,"comment_status":"open","ping_status":"closed","template":"","meta":{"_joinchat":[]},"product_cat":[15],"product_tag":[],"_links":{"self":[{"href":"https:\/\/entrefloresyregalos.shop\/index.php?rest_route=\/wp\/v2\/product\/447"}],"collection":[{"href":"https:\/\/entrefloresyregalos.shop\/index.php?rest_route=\/wp\/v2\/product"}],"about":[{"href":"https:\/\/entrefloresyregalos.shop\/index.php?rest_route=\/wp\/v2\/types\/product"}],"replies":[{"embeddable":true,"href":"https:\/\/entrefloresyregalos.shop\/index.php?rest_route=%2Fwp%2Fv2%2Fcomments&post=447"}],"wp:featuredmedia":[{"embeddable":true,"href":"https:\/\/entrefloresyregalos.shop\/index.php?rest_route=\/wp\/v2\/media\/448"}],"wp:attachment":[{"href":"https:\/\/entrefloresyregalos.shop\/index.php?rest_route=%2Fwp%2Fv2%2Fmedia&parent=447"}],"wp:term":[{"taxonomy":"product_cat","embeddable":true,"href":"https:\/\/entrefloresyregalos.shop\/index.php?rest_route=%2Fwp%2Fv2%2Fproduct_cat&post=447"},{"taxonomy":"product_tag","embeddable":true,"href":"https:\/\/entrefloresyregalos.shop\/index.php?rest_route=%2Fwp%2Fv2%2Fproduct_tag&post=447"}],"curies":[{"name":"wp","href":"https:\/\/api.w.org\/{rel}","templated":true}]}}