{"id":121,"date":"2023-02-23T04:27:10","date_gmt":"2023-02-23T04:27:10","guid":{"rendered":"http:\/\/shmuel"},"modified":"2023-03-07T23:45:44","modified_gmt":"2023-03-07T23:45:44","slug":"arreglo-floral-arg004","status":"publish","type":"product","link":"https:\/\/entrefloresyregalos.shop\/?product=arreglo-floral-arg004","title":{"rendered":"Arreglo floral Arg004"},"content":{"rendered":"<p>Perfecta combinaci\u00f3n de rosas y peluches en un hermoso marco de coraz\u00f3n, incluye envi\u00f3 y tarjeta personalizada, aplica condiciones y restricciones.<\/p>\n","protected":false},"excerpt":{"rendered":"<p>Perfecta combinaci\u00f3n de rosas y peluches en un hermoso marco de coraz\u00f3n, incluye envi\u00f3 y tarjeta personalizada, aplica condiciones y restricciones.<\/p>\n","protected":false},"featured_media":321,"comment_status":"open","ping_status":"closed","template":"","meta":{"_joinchat":[]},"product_cat":[15],"product_tag":[],"_links":{"self":[{"href":"https:\/\/entrefloresyregalos.shop\/index.php?rest_route=\/wp\/v2\/product\/121"}],"collection":[{"href":"https:\/\/entrefloresyregalos.shop\/index.php?rest_route=\/wp\/v2\/product"}],"about":[{"href":"https:\/\/entrefloresyregalos.shop\/index.php?rest_route=\/wp\/v2\/types\/product"}],"replies":[{"embeddable":true,"href":"https:\/\/entrefloresyregalos.shop\/index.php?rest_route=%2Fwp%2Fv2%2Fcomments&post=121"}],"wp:featuredmedia":[{"embeddable":true,"href":"https:\/\/entrefloresyregalos.shop\/index.php?rest_route=\/wp\/v2\/media\/321"}],"wp:attachment":[{"href":"https:\/\/entrefloresyregalos.shop\/index.php?rest_route=%2Fwp%2Fv2%2Fmedia&parent=121"}],"wp:term":[{"taxonomy":"product_cat","embeddable":true,"href":"https:\/\/entrefloresyregalos.shop\/index.php?rest_route=%2Fwp%2Fv2%2Fproduct_cat&post=121"},{"taxonomy":"product_tag","embeddable":true,"href":"https:\/\/entrefloresyregalos.shop\/index.php?rest_route=%2Fwp%2Fv2%2Fproduct_tag&post=121"}],"curies":[{"name":"wp","href":"https:\/\/api.w.org\/{rel}","templated":true}]}}